{"id":2,"date":"2017-07-17T16:51:51","date_gmt":"2017-07-17T14:51:51","guid":{"rendered":"http:\/\/trailstable-aktivstall-dorfen.de\/?page_id=2"},"modified":"2023-02-21T14:34:37","modified_gmt":"2023-02-21T13:34:37","slug":"home","status":"publish","type":"page","link":"https:\/\/trailstable-aktivstall-dorfen.de\/","title":{"rendered":"Home"},"content":{"rendered":"<p>Jeder hat seine ganz eigenen Vorstellungen von artgerechter Pferdehaltung. Ich bin der Meinung je nat\u00fcrlicher desto besser, so gestaltet sich auch dieser Stall, nah am Vorbild der Natur&#8230;<br \/>\nWas mir f\u00fcr meine Pferde wichtig ist, habe ich nun in meinem Traumstall umgesetzt:<\/p>\n<ul>\n<li><strong>\u00dcberdachte Futterpl\u00e4tze<\/strong> (Heu und Stroh)<\/li>\n<li><strong>Sandw\u00e4lzplatz<\/strong> (364m\u00b2)<\/li>\n<li><strong>Gro\u00dfe befestigte Fl\u00e4chen und Kletterh\u00fcgel zur freien Bewegung<\/strong> (Paddock 3500m\u00b2)<\/li>\n<li><strong>Verschiedene Untergr\u00fcnde<\/strong>, <strong>Bodenbeschaffenheiten<\/strong> und <strong>Anreize im Trail<\/strong> (900m Laufweg)<\/li>\n<li><strong>24 Std. Sozialkontakt<\/strong>, aber auch ausreichend gesch\u00fctzte <strong>Ruhe- und Liegefl\u00e4chen<\/strong> mit Waldboden<\/li>\n<li><strong>Pferdeweide<\/strong> ( wenig Eiwei\u00df und KH )<\/li>\n<li>F\u00fcr Pferde mit <strong>Stoffwechselerkrankungen, Rehe und Allergiker geeignet<\/strong><\/li>\n<\/ul>\n<p>Auch die Reiter kommen bei uns auf Ihre Kosten:<\/p>\n<ul>\n<li><strong>Befestigter, \u00fcberdachter Putzplatz<\/strong><\/li>\n<li><strong>Waschplatz<\/strong> mit <strong>schwenkbarer Pferdedusche<\/strong><\/li>\n<li><strong>20 x 40 Reithalle<\/strong> mit Bew\u00e4sserungsanlage<\/li>\n<li><strong>Reiterst\u00fcberl<\/strong> (Sommer wie Winter Warmwasser)<\/li>\n<li><strong>Sattelkammer<\/strong><\/li>\n<li><strong>WC<\/strong><\/li>\n<li><strong>Tolle abwechslungsreiche Ausreitm\u00f6glichkeiten<\/strong> durch Wiesen und W\u00e4lder.<\/li>\n<\/ul>\n","protected":false},"excerpt":{"rendered":"<p>Jeder hat seine ganz eigenen Vorstellungen von artgerechter Pferdehaltung. Ich bin der Meinung je nat\u00fcrlicher desto besser, so gestaltet sich auch dieser [&hellip;]<\/p>\n","protected":false},"author":1,"featured_media":0,"parent":0,"menu_order":0,"comment_status":"closed","ping_status":"closed","template":"","meta":[],"_links":{"self":[{"href":"https:\/\/trailstable-aktivstall-dorfen.de\/index.php\/wp-json\/wp\/v2\/pages\/2"}],"collection":[{"href":"https:\/\/trailstable-aktivstall-dorfen.de\/index.php\/wp-json\/wp\/v2\/pages"}],"about":[{"href":"https:\/\/trailstable-aktivstall-dorfen.de\/index.php\/wp-json\/wp\/v2\/types\/page"}],"author":[{"embeddable":true,"href":"https:\/\/trailstable-aktivstall-dorfen.de\/index.php\/wp-json\/wp\/v2\/users\/1"}],"replies":[{"embeddable":true,"href":"https:\/\/trailstable-aktivstall-dorfen.de\/index.php\/wp-json\/wp\/v2\/comments?post=2"}],"version-history":[{"count":8,"href":"https:\/\/trailstable-aktivstall-dorfen.de\/index.php\/wp-json\/wp\/v2\/pages\/2\/revisions"}],"predecessor-version":[{"id":718,"href":"https:\/\/trailstable-aktivstall-dorfen.de\/index.php\/wp-json\/wp\/v2\/pages\/2\/revisions\/718"}],"wp:attachment":[{"href":"https:\/\/trailstable-aktivstall-dorfen.de\/index.php\/wp-json\/wp\/v2\/media?parent=2"}],"curies":[{"name":"wp","href":"https:\/\/api.w.org\/{rel}","templated":true}]}}