{"id":16,"date":"2017-07-17T17:25:39","date_gmt":"2017-07-17T15:25:39","guid":{"rendered":"http:\/\/trailstable-aktivstall-dorfen.de\/?page_id=16"},"modified":"2023-02-21T14:39:36","modified_gmt":"2023-02-21T13:39:36","slug":"leistungen","status":"publish","type":"page","link":"https:\/\/trailstable-aktivstall-dorfen.de\/index.php\/leistungen\/","title":{"rendered":"Leistungen und Preise"},"content":{"rendered":"<div class=\"try_container\">\n<p style=\"text-align: center;\">Preis je Stallplatz pro Monat (Vollpension) ab: 420,00 \u20ac<\/p>\n<ul>\n<li>Gemischte Herde mit 28 &#8211; 31 Pferden<\/li>\n<li>Hufbeschlag nach Absprache<\/li>\n<li>Selektive Entwurmung nach Kotproben im Fr\u00fchjahr und Sommer, 1x j\u00e4hrlich gro\u00dfe Wurmkur im Herbst<\/li>\n<li>flexible L\u00f6sungen f\u00fcr\u00a0Integrationen oder\u00a0vor\u00fcbergehende Selektion<\/li>\n<\/ul>\n<hr \/>\n<\/div>\n<h3>Unsere Leistungen:<\/h3>\n<ul>\n<li>T\u00e4gliches Misten der gesamten Laufwege, Paddockanlage und Liegefl\u00e4chen<\/li>\n<li>Ganzj\u00e4hrig ge\u00f6ffneter Trail (900m) mit 13 verschiedenen Untergr\u00fcnden<\/li>\n<li>Ausreichend Zugang zu Heu aus sp\u00e4tem ERSTEN Schnitt<\/li>\n<li>24h freier Zugang zu Stroh aus eigener Produktion<\/li>\n<li>Frostsichere Balltr\u00e4nke im Liegebereich<\/li>\n<li>Koppelgang (Magerweide) je nach Witterung<\/li>\n<li>1x w\u00f6chtentlich Misten der Weiden<\/li>\n<li>1x t\u00e4glich Kraftfuttergabe<\/li>\n<li>Reithallennutzung<\/li>\n<li>\u00dcberdachte Putz und Waschpl\u00e4tze mit schwenkbarer Pferdedusche<\/li>\n<li>1x t\u00e4glich Medikamentengabe nach Absprache<\/li>\n<li>Reiterst\u00fcberl mit K\u00fcchenzeile<\/li>\n<li>WC<\/li>\n<li>Sattelkammer und ein Bundeswehrschrank pro Pferd vorhanden<\/li>\n<li>H\u00e4ngerstellpl\u00e4tze nach Absprache<\/li>\n<\/ul>\n","protected":false},"excerpt":{"rendered":"<p>Preis je Stallplatz pro Monat (Vollpension) ab: 420,00 \u20ac Gemischte Herde mit 28 &#8211; 31 Pferden Hufbeschlag nach Absprache Selektive Entwurmung nach [&hellip;]<\/p>\n","protected":false},"author":1,"featured_media":0,"parent":0,"menu_order":6,"comment_status":"closed","ping_status":"closed","template":"","meta":[],"_links":{"self":[{"href":"https:\/\/trailstable-aktivstall-dorfen.de\/index.php\/wp-json\/wp\/v2\/pages\/16"}],"collection":[{"href":"https:\/\/trailstable-aktivstall-dorfen.de\/index.php\/wp-json\/wp\/v2\/pages"}],"about":[{"href":"https:\/\/trailstable-aktivstall-dorfen.de\/index.php\/wp-json\/wp\/v2\/types\/page"}],"author":[{"embeddable":true,"href":"https:\/\/trailstable-aktivstall-dorfen.de\/index.php\/wp-json\/wp\/v2\/users\/1"}],"replies":[{"embeddable":true,"href":"https:\/\/trailstable-aktivstall-dorfen.de\/index.php\/wp-json\/wp\/v2\/comments?post=16"}],"version-history":[{"count":27,"href":"https:\/\/trailstable-aktivstall-dorfen.de\/index.php\/wp-json\/wp\/v2\/pages\/16\/revisions"}],"predecessor-version":[{"id":721,"href":"https:\/\/trailstable-aktivstall-dorfen.de\/index.php\/wp-json\/wp\/v2\/pages\/16\/revisions\/721"}],"wp:attachment":[{"href":"https:\/\/trailstable-aktivstall-dorfen.de\/index.php\/wp-json\/wp\/v2\/media?parent=16"}],"curies":[{"name":"wp","href":"https:\/\/api.w.org\/{rel}","templated":true}]}}