{"id":12,"date":"2017-07-17T17:24:56","date_gmt":"2017-07-17T15:24:56","guid":{"rendered":"http:\/\/trailstable-aktivstall-dorfen.de\/?page_id=12"},"modified":"2023-02-21T14:38:30","modified_gmt":"2023-02-21T13:38:30","slug":"paddock-trail-prinzip","status":"publish","type":"page","link":"https:\/\/trailstable-aktivstall-dorfen.de\/index.php\/paddock-trail-prinzip\/","title":{"rendered":"Paddock Trail Prinzip"},"content":{"rendered":"<div class=\"try_container\">\n<p>Das Kernelement des \u00a0Paddock Trail ist ein sogenannter Track, er simuliert die Wanderrouten der Wildpferde. Auf dem Track finden die Pferde in verteilter und vielf\u00e4ltiger Form alles vor, was sie brauchen: Heu, Mineralsteine, Wasser, Unterstand, W\u00e4lzpl\u00e4tze.<\/p>\n<p>Zun\u00e4chst einmal sind Pferde von ihrer Natur aus auf das Futterangebot ihres angestammten Lebensraumes &#8211; der Steppe &#8211; ausgerichtet. Das hei\u00dft, die gesamte Verdauung orientiert sich am kargen, energiearmen Angebot des Steppengrases. Der Instinkt verlangt vom Pferd, dass es t\u00e4glich ca. 16 &#8211; 18 h lang fressen muss. Ohne die n\u00f6tige Bewegung l\u00e4uft man allerding Gefahr, dass die Pferde zu dick werden, was h\u00e4ufig zu f\u00fctterungsbedingten Hufrehen oder anderen Stoffwechselerkrankungen f\u00fchrt. Darum sollte das Futterangebot im Track m\u00f6glichst weit entfernt vom Wasserangebot sein, und es sollten mehrere Futterbereiche zur verf\u00fcgung stehen. Das f\u00fchrt dann dazu, dass sich die Tiere den ganzen Tag bewegen m\u00fcssen, Ihren Tagesablauf jedoch selbst bestimmen k\u00f6nnen.<\/p>\n<p>F\u00fcr eine optimale Hufbeschaffenheit (passendes Wachstum und angemessener Abrieb) ist es wichtig, dass es m\u00f6glichst unterschiedliche B\u00f6den auf dem Track gibt. Dazu kann Sand geh\u00f6ren, Kies oder auch Schotter. Die verschiedenen B\u00f6den sollten sich m\u00f6glichst nach den B\u00f6den richten, auf denen die Pferde dann haupts\u00e4chlich geritten werden, damit sich die Hufe an diese Anforderungen anpassen k\u00f6nnen. Wenn das Pferd 23\u00a0h auf Gras l\u00e4uft und dann jedoch zum Ausreiten jeweils eine Stunde auf Schotterpisten geritten wird, ist es voraussehbar, dass die Hufe damit nicht zurechtkommen.<\/p>\n<p>Allgemein ist es w\u00fcnschenswert, dass der Track m\u00f6glichst abwechslungsreich gestaltet wird. Sehr gut sind Steigungen und Gef\u00e4lle, Tracks durch den Wald oder felsige Anteile. Hat man sonst gedacht, dass nur eine flache Wiese f\u00fcr die Pferdehaltung geeignet ist, so freut man sich bei einem Paddock Trail \u00fcber \u201eschwieriges\u201c Gel\u00e4nde.<\/p>\n<p>Vorteile einer Haltung im Paddock Trail gegen\u00fcber anderen Offenstall-Konzepten:<\/p>\n<ul>\n<li>Maximale Wegl\u00e4ngen f\u00fchren zu ausreichend Bewegung, vor allem auch in den Monaten ohne Weide.<\/li>\n<li>Die Pferde k\u00f6nnen nach ihrem eigenen Rhythmus leben.<\/li>\n<li>Gemeinsames Fressen und Ruhen ist m\u00f6glich.<\/li>\n<li>Die Pferde k\u00f6nnen sich auf dem Paddock Trail aber auch wunderbar aus dem Weg gehen. Es geht somit sehr friedlich zu, was zu einer harmonischen Herde f\u00fchrt.<\/li>\n<li>Auch rangniedrige Pferde kommen in dieser Haltungsform bestens zurecht.<\/li>\n<\/ul>\n<\/div>\n","protected":false},"excerpt":{"rendered":"<p>Das Kernelement des \u00a0Paddock Trail ist ein sogenannter Track, er simuliert die Wanderrouten der Wildpferde. Auf dem Track finden die Pferde in [&hellip;]<\/p>\n","protected":false},"author":1,"featured_media":0,"parent":0,"menu_order":2,"comment_status":"closed","ping_status":"closed","template":"","meta":[],"_links":{"self":[{"href":"https:\/\/trailstable-aktivstall-dorfen.de\/index.php\/wp-json\/wp\/v2\/pages\/12"}],"collection":[{"href":"https:\/\/trailstable-aktivstall-dorfen.de\/index.php\/wp-json\/wp\/v2\/pages"}],"about":[{"href":"https:\/\/trailstable-aktivstall-dorfen.de\/index.php\/wp-json\/wp\/v2\/types\/page"}],"author":[{"embeddable":true,"href":"https:\/\/trailstable-aktivstall-dorfen.de\/index.php\/wp-json\/wp\/v2\/users\/1"}],"replies":[{"embeddable":true,"href":"https:\/\/trailstable-aktivstall-dorfen.de\/index.php\/wp-json\/wp\/v2\/comments?post=12"}],"version-history":[{"count":12,"href":"https:\/\/trailstable-aktivstall-dorfen.de\/index.php\/wp-json\/wp\/v2\/pages\/12\/revisions"}],"predecessor-version":[{"id":720,"href":"https:\/\/trailstable-aktivstall-dorfen.de\/index.php\/wp-json\/wp\/v2\/pages\/12\/revisions\/720"}],"wp:attachment":[{"href":"https:\/\/trailstable-aktivstall-dorfen.de\/index.php\/wp-json\/wp\/v2\/media?parent=12"}],"curies":[{"name":"wp","href":"https:\/\/api.w.org\/{rel}","templated":true}]}}